{"id":19,"date":"2020-08-25T05:53:33","date_gmt":"2020-08-25T05:53:33","guid":{"rendered":"https:\/\/homeovita.webspace24.li\/?page_id=19"},"modified":"2026-01-27T17:04:04","modified_gmt":"2026-01-27T17:04:04","slug":"homeovita","status":"publish","type":"page","link":"https:\/\/homeovita.ch\/","title":{"rendered":"homeovita"},"content":{"rendered":"<h2><img loading=\"lazy\" decoding=\"async\" class=\"alignnone size-medium wp-image-226\" src=\"https:\/\/homeovita.ch\/wp-content\/uploads\/2022\/01\/09.04.21_21_homeovita_Praxis_0004_low-266x300.jpg\" alt=\"\" width=\"266\" height=\"300\" srcset=\"https:\/\/homeovita.ch\/wp-content\/uploads\/2022\/01\/09.04.21_21_homeovita_Praxis_0004_low-266x300.jpg 266w, https:\/\/homeovita.ch\/wp-content\/uploads\/2022\/01\/09.04.21_21_homeovita_Praxis_0004_low-910x1024.jpg 910w, https:\/\/homeovita.ch\/wp-content\/uploads\/2022\/01\/09.04.21_21_homeovita_Praxis_0004_low-768x865.jpg 768w, https:\/\/homeovita.ch\/wp-content\/uploads\/2022\/01\/09.04.21_21_homeovita_Praxis_0004_low-1364x1536.jpg 1364w, https:\/\/homeovita.ch\/wp-content\/uploads\/2022\/01\/09.04.21_21_homeovita_Praxis_0004_low-1819x2048.jpg 1819w, https:\/\/homeovita.ch\/wp-content\/uploads\/2022\/01\/09.04.21_21_homeovita_Praxis_0004_low-1200x1351.jpg 1200w, https:\/\/homeovita.ch\/wp-content\/uploads\/2022\/01\/09.04.21_21_homeovita_Praxis_0004_low-1980x2229.jpg 1980w\" sizes=\"auto, (max-width: 266px) 100vw, 266px\" \/>Herzlich Willkommen!<\/h2>\n<p>Jeder Mensch ist einzigartig und wertvoll. Die individuelle Begleitung auf dem Weg zur Selbstwirksamkeit und wieder Herstellung des eigenen k\u00f6rperlichen, seelischen und psychischen Wohlbefindens hat f\u00fcr mich oberste Priorit\u00e4t.<\/p>\n<p>M\u00f6chten sie selbstwirksam Ihr Leben gestalten? Sehnen Sie Sich nach Wohlbefinden? M\u00f6chten Sie mehr Zeit f\u00fcr Sich haben? Wollen Sie etwas f\u00fcr Ihre Gesundheit tun?<\/p>\n<p>Informationen zur Hom\u00f6opathie allgemein, zu meinem Angebot und zu mir selbst finden Sie \u00fcber die Navigation. Viel Spass beim St\u00f6bern!<\/p>\n<p>&nbsp;<\/p>\n<p>&nbsp;<\/p>\n","protected":false},"excerpt":{"rendered":"<p>Herzlich Willkommen! Jeder Mensch ist einzigartig und wertvoll. Die individuelle Begleitung auf dem Weg zur Selbstwirksamkeit und wieder Herstellung des eigenen k\u00f6rperlichen, seelischen und psychischen Wohlbefindens hat f\u00fcr mich oberste Priorit\u00e4t. M\u00f6chten sie selbstwirksam Ihr Leben gestalten? Sehnen Sie Sich nach Wohlbefinden? M\u00f6chten Sie mehr Zeit f\u00fcr Sich haben? Wollen Sie etwas f\u00fcr Ihre Gesundheit [&hellip;]<\/p>\n","protected":false},"author":1,"featured_media":0,"parent":0,"menu_order":0,"comment_status":"closed","ping_status":"closed","template":"","meta":{"footnotes":""},"class_list":["post-19","page","type-page","status-publish","hentry"],"yoast_head":"<!-- This site is optimized with the Yoast SEO plugin v24.9 - https:\/\/yoast.com\/wordpress\/plugins\/seo\/ -->\n<title>homeovita - Homeovita<\/title>\n<meta name=\"description\" content=\"homeovita, Hom\u00f6opathie, Aargau, Untersiggenthal, Alexandra Grau, Praxis f\u00fcr Hom\u00f6opathie, Klassische Hom\u00f6opathie\" \/>\n<meta name=\"robots\" content=\"index, follow, max-snippet:-1, max-image-preview:large, max-video-preview:-1\" \/>\n<link rel=\"canonical\" href=\"https:\/\/homeovita.ch\/\" \/>\n<meta property=\"og:locale\" content=\"de_DE\" \/>\n<meta property=\"og:type\" content=\"article\" \/>\n<meta property=\"og:title\" content=\"homeovita - Homeovita\" \/>\n<meta property=\"og:description\" content=\"homeovita, Hom\u00f6opathie, Aargau, Untersiggenthal, Alexandra Grau, Praxis f\u00fcr Hom\u00f6opathie, Klassische Hom\u00f6opathie\" \/>\n<meta property=\"og:url\" content=\"https:\/\/homeovita.ch\/\" \/>\n<meta property=\"og:site_name\" content=\"Homeovita\" \/>\n<meta property=\"article:modified_time\" content=\"2026-01-27T17:04:04+00:00\" \/>\n<meta property=\"og:image\" content=\"https:\/\/homeovita.ch\/wp-content\/uploads\/2022\/01\/09.04.21_21_homeovita_Praxis_0004_low-scaled.jpg\" \/>\n\t<meta property=\"og:image:width\" content=\"2274\" \/>\n\t<meta property=\"og:image:height\" content=\"2560\" \/>\n\t<meta property=\"og:image:type\" content=\"image\/jpeg\" \/>\n<meta name=\"twitter:card\" content=\"summary_large_image\" \/>\n<meta name=\"twitter:label1\" content=\"Gesch\u00e4tzte Lesezeit\" \/>\n\t<meta name=\"twitter:data1\" content=\"1\u00a0Minute\" \/>\n<script type=\"application\/ld+json\" class=\"yoast-schema-graph\">{\"@context\":\"https:\/\/schema.org\",\"@graph\":[{\"@type\":\"WebPage\",\"@id\":\"https:\/\/homeovita.ch\/\",\"url\":\"https:\/\/homeovita.ch\/\",\"name\":\"homeovita - Homeovita\",\"isPartOf\":{\"@id\":\"https:\/\/homeovita.ch\/#website\"},\"primaryImageOfPage\":{\"@id\":\"https:\/\/homeovita.ch\/#primaryimage\"},\"image\":{\"@id\":\"https:\/\/homeovita.ch\/#primaryimage\"},\"thumbnailUrl\":\"https:\/\/homeovita.ch\/wp-content\/uploads\/2022\/01\/09.04.21_21_homeovita_Praxis_0004_low-266x300.jpg\",\"datePublished\":\"2020-08-25T05:53:33+00:00\",\"dateModified\":\"2026-01-27T17:04:04+00:00\",\"description\":\"homeovita, Hom\u00f6opathie, Aargau, Untersiggenthal, Alexandra Grau, Praxis f\u00fcr Hom\u00f6opathie, Klassische Hom\u00f6opathie\",\"breadcrumb\":{\"@id\":\"https:\/\/homeovita.ch\/#breadcrumb\"},\"inLanguage\":\"de\",\"potentialAction\":[{\"@type\":\"ReadAction\",\"target\":[\"https:\/\/homeovita.ch\/\"]}]},{\"@type\":\"ImageObject\",\"inLanguage\":\"de\",\"@id\":\"https:\/\/homeovita.ch\/#primaryimage\",\"url\":\"https:\/\/homeovita.ch\/wp-content\/uploads\/2022\/01\/09.04.21_21_homeovita_Praxis_0004_low-266x300.jpg\",\"contentUrl\":\"https:\/\/homeovita.ch\/wp-content\/uploads\/2022\/01\/09.04.21_21_homeovita_Praxis_0004_low-266x300.jpg\"},{\"@type\":\"BreadcrumbList\",\"@id\":\"https:\/\/homeovita.ch\/#breadcrumb\",\"itemListElement\":[{\"@type\":\"ListItem\",\"position\":1,\"name\":\"Home\",\"item\":\"https:\/\/homeovita.ch\/\"},{\"@type\":\"ListItem\",\"position\":2,\"name\":\"homeovita\"}]},{\"@type\":\"WebSite\",\"@id\":\"https:\/\/homeovita.ch\/#website\",\"url\":\"https:\/\/homeovita.ch\/\",\"name\":\"Homeovita\",\"description\":\"\",\"publisher\":{\"@id\":\"https:\/\/homeovita.ch\/#organization\"},\"potentialAction\":[{\"@type\":\"SearchAction\",\"target\":{\"@type\":\"EntryPoint\",\"urlTemplate\":\"https:\/\/homeovita.ch\/?s={search_term_string}\"},\"query-input\":{\"@type\":\"PropertyValueSpecification\",\"valueRequired\":true,\"valueName\":\"search_term_string\"}}],\"inLanguage\":\"de\"},{\"@type\":\"Organization\",\"@id\":\"https:\/\/homeovita.ch\/#organization\",\"name\":\"Homeovita\",\"url\":\"https:\/\/homeovita.ch\/\",\"logo\":{\"@type\":\"ImageObject\",\"inLanguage\":\"de\",\"@id\":\"https:\/\/homeovita.ch\/#\/schema\/logo\/image\/\",\"url\":\"https:\/\/homeovita.ch\/wp-content\/uploads\/2022\/07\/Logo2022-002.jpg\",\"contentUrl\":\"https:\/\/homeovita.ch\/wp-content\/uploads\/2022\/07\/Logo2022-002.jpg\",\"width\":2000,\"height\":385,\"caption\":\"Homeovita\"},\"image\":{\"@id\":\"https:\/\/homeovita.ch\/#\/schema\/logo\/image\/\"}}]}<\/script>\n<!-- \/ Yoast SEO plugin. -->","yoast_head_json":{"title":"homeovita - Homeovita","description":"homeovita, Hom\u00f6opathie, Aargau, Untersiggenthal, Alexandra Grau, Praxis f\u00fcr Hom\u00f6opathie, Klassische Hom\u00f6opathie","robots":{"index":"index","follow":"follow","max-snippet":"max-snippet:-1","max-image-preview":"max-image-preview:large","max-video-preview":"max-video-preview:-1"},"canonical":"https:\/\/homeovita.ch\/","og_locale":"de_DE","og_type":"article","og_title":"homeovita - Homeovita","og_description":"homeovita, Hom\u00f6opathie, Aargau, Untersiggenthal, Alexandra Grau, Praxis f\u00fcr Hom\u00f6opathie, Klassische Hom\u00f6opathie","og_url":"https:\/\/homeovita.ch\/","og_site_name":"Homeovita","article_modified_time":"2026-01-27T17:04:04+00:00","og_image":[{"width":2274,"height":2560,"url":"https:\/\/homeovita.ch\/wp-content\/uploads\/2022\/01\/09.04.21_21_homeovita_Praxis_0004_low-scaled.jpg","type":"image\/jpeg"}],"twitter_card":"summary_large_image","twitter_misc":{"Gesch\u00e4tzte Lesezeit":"1\u00a0Minute"},"schema":{"@context":"https:\/\/schema.org","@graph":[{"@type":"WebPage","@id":"https:\/\/homeovita.ch\/","url":"https:\/\/homeovita.ch\/","name":"homeovita - Homeovita","isPartOf":{"@id":"https:\/\/homeovita.ch\/#website"},"primaryImageOfPage":{"@id":"https:\/\/homeovita.ch\/#primaryimage"},"image":{"@id":"https:\/\/homeovita.ch\/#primaryimage"},"thumbnailUrl":"https:\/\/homeovita.ch\/wp-content\/uploads\/2022\/01\/09.04.21_21_homeovita_Praxis_0004_low-266x300.jpg","datePublished":"2020-08-25T05:53:33+00:00","dateModified":"2026-01-27T17:04:04+00:00","description":"homeovita, Hom\u00f6opathie, Aargau, Untersiggenthal, Alexandra Grau, Praxis f\u00fcr Hom\u00f6opathie, Klassische Hom\u00f6opathie","breadcrumb":{"@id":"https:\/\/homeovita.ch\/#breadcrumb"},"inLanguage":"de","potentialAction":[{"@type":"ReadAction","target":["https:\/\/homeovita.ch\/"]}]},{"@type":"ImageObject","inLanguage":"de","@id":"https:\/\/homeovita.ch\/#primaryimage","url":"https:\/\/homeovita.ch\/wp-content\/uploads\/2022\/01\/09.04.21_21_homeovita_Praxis_0004_low-266x300.jpg","contentUrl":"https:\/\/homeovita.ch\/wp-content\/uploads\/2022\/01\/09.04.21_21_homeovita_Praxis_0004_low-266x300.jpg"},{"@type":"BreadcrumbList","@id":"https:\/\/homeovita.ch\/#breadcrumb","itemListElement":[{"@type":"ListItem","position":1,"name":"Home","item":"https:\/\/homeovita.ch\/"},{"@type":"ListItem","position":2,"name":"homeovita"}]},{"@type":"WebSite","@id":"https:\/\/homeovita.ch\/#website","url":"https:\/\/homeovita.ch\/","name":"Homeovita","description":"","publisher":{"@id":"https:\/\/homeovita.ch\/#organization"},"potentialAction":[{"@type":"SearchAction","target":{"@type":"EntryPoint","urlTemplate":"https:\/\/homeovita.ch\/?s={search_term_string}"},"query-input":{"@type":"PropertyValueSpecification","valueRequired":true,"valueName":"search_term_string"}}],"inLanguage":"de"},{"@type":"Organization","@id":"https:\/\/homeovita.ch\/#organization","name":"Homeovita","url":"https:\/\/homeovita.ch\/","logo":{"@type":"ImageObject","inLanguage":"de","@id":"https:\/\/homeovita.ch\/#\/schema\/logo\/image\/","url":"https:\/\/homeovita.ch\/wp-content\/uploads\/2022\/07\/Logo2022-002.jpg","contentUrl":"https:\/\/homeovita.ch\/wp-content\/uploads\/2022\/07\/Logo2022-002.jpg","width":2000,"height":385,"caption":"Homeovita"},"image":{"@id":"https:\/\/homeovita.ch\/#\/schema\/logo\/image\/"}}]}},"_links":{"self":[{"href":"https:\/\/homeovita.ch\/index.php\/wp-json\/wp\/v2\/pages\/19","targetHints":{"allow":["GET"]}}],"collection":[{"href":"https:\/\/homeovita.ch\/index.php\/wp-json\/wp\/v2\/pages"}],"about":[{"href":"https:\/\/homeovita.ch\/index.php\/wp-json\/wp\/v2\/types\/page"}],"author":[{"embeddable":true,"href":"https:\/\/homeovita.ch\/index.php\/wp-json\/wp\/v2\/users\/1"}],"replies":[{"embeddable":true,"href":"https:\/\/homeovita.ch\/index.php\/wp-json\/wp\/v2\/comments?post=19"}],"version-history":[{"count":21,"href":"https:\/\/homeovita.ch\/index.php\/wp-json\/wp\/v2\/pages\/19\/revisions"}],"predecessor-version":[{"id":330,"href":"https:\/\/homeovita.ch\/index.php\/wp-json\/wp\/v2\/pages\/19\/revisions\/330"}],"wp:attachment":[{"href":"https:\/\/homeovita.ch\/index.php\/wp-json\/wp\/v2\/media?parent=19"}],"curies":[{"name":"wp","href":"https:\/\/api.w.org\/{rel}","templated":true}]}}